{"id":5,"date":"2019-07-02T13:37:16","date_gmt":"2019-07-02T13:37:16","guid":{"rendered":"https:\/\/ngoquocthao510-work.colibriwp.com\/inbangron-2\/colibri-wp\/"},"modified":"2025-11-24T11:57:46","modified_gmt":"2025-11-24T11:57:46","slug":"colibri-wp","status":"publish","type":"page","link":"https:\/\/ngoquocthao510-work.colibriwp.com\/inbangron-2\/","title":{"rendered":"In B\u0103ng R\u00f4n C\u1ea5p T\u1ed1c 24H &#8211; L\u1ea5y Ngay, Ch\u1ea5t L\u01b0\u1ee3ng Cao, Giao H\u00e0ng To\u00e0n Qu\u1ed1c"},"content":{"rendered":"\n<p><a href=\"https:\/\/indainam.com\/in-bang-ron\/\">In b\u0103ng r\u00f4n<\/a> chuy\u00ean nghi\u1ec7p v\u00e0 gi\u00e1 h\u1ee3p l\u00fd t\u1ea1i In \u0110\u1ea1i Nam l\u00e0 l\u1ef1a ch\u1ecdn l\u00fd t\u01b0\u1edfng cho doanh nghi\u1ec7p, c\u1eeda h\u00e0ng v\u00e0 t\u1ed5 ch\u1ee9c khi mu\u1ed1n qu\u1ea3ng b\u00e1 th\u01b0\u01a1ng hi\u1ec7u, s\u1ef1 ki\u1ec7n ho\u1eb7c ch\u01b0\u01a1ng tr\u00ecnh khuy\u1ebfn m\u00e3i m\u1ed9t c\u00e1ch tr\u1ef1c quan \u2013 \u1ea5n t\u01b0\u1ee3ng \u2013 ti\u1ebft ki\u1ec7m chi ph\u00ed. V\u1edbi \u01b0u \u0111i\u1ec3m d\u1ec5 nh\u00ecn, d\u1ec5 ghi nh\u1edb v\u00e0 ph\u1ee7 s\u00f3ng nhanh ch\u00f3ng, b\u0103ng r\u00f4n lu\u00f4n l\u00e0 c\u00f4ng c\u1ee5 marketing kh\u00f4ng th\u1ec3 thi\u1ebfu trong m\u1ecdi chi\u1ebfn d\u1ecbch.<\/p>\n\n\n\n<p>IN \u0110\u1ea0I NAM l\u00e0 \u0111\u01a1n v\u1ecb uy t\u00edn chuy\u00ean cung c\u1ea5p d\u1ecbch v\u1ee5 ch\u1ea5t l\u01b0\u1ee3ng cao, thi\u1ebft k\u1ebf theo y\u00eau c\u1ea7u v\u00e0 giao h\u00e0ng nhanh ch\u00f3ng tr\u00ean to\u00e0n qu\u1ed1c. V\u1edbi \u0111\u1ed9i ng\u0169 thi\u1ebft k\u1ebf s\u00e1ng t\u1ea1o, m\u00e1y in c\u00f4ng ngh\u1ec7 hi\u1ec7n \u0111\u1ea1i v\u00e0 quy tr\u00ecnh l\u00e0m vi\u1ec7c chuy\u00ean nghi\u1ec7p, ch\u00fang t\u00f4i cam k\u1ebft mang \u0111\u1ebfn s\u1ea3n ph\u1ea9m s\u1eafc n\u00e9t, b\u1ec1n \u0111\u1eb9p v\u00e0 \u0111\u00fang ti\u1ebfn \u0111\u1ed9.<\/p>\n\n\n\n<p>TH\u00d4NG TIN LI\u00caN H\u1ec6 C\u00d4NG TY IN \u0110\u1ea0I NAM<br>V\u0103n ph\u00f2ng HCM: 62\/20 Tr\u01b0\u01a1ng C\u00f4ng \u0110\u1ecbnh, Ph\u01b0\u1eddng 14, Qu\u1eadn T\u00e2n B\u00ecnh, TP.HCM<br>V\u0103n ph\u00f2ng H\u00e0 N\u1ed9i: S\u1ed1 5, Ng\u00f5 86\/2 Nguy\u1ec5n V\u0103n Gi\u00e1p, Nam T\u1eeb Li\u00eam, H\u00e0 N\u1ed9i<br>\u0110i\u1ec7n tho\u1ea1i: 0909725123<br>Website: <a href=\"https:\/\/indainam.com\/in-bang-ron\/\">https:\/\/indainam.com\/in-bang-ron\/<br><\/a>Email: <a href=\"mailto:baogia@indainam.com\">baogia@indainam.com<\/a><\/p>\n\n\n\n<p><a href=\"https:\/\/readymag.website\/u3842330372\/5965760\/2\">https:\/\/readymag.website\/u3842330372\/5965760\/2<\/a><\/p>\n\n\n\n<p><a href=\"https:\/\/catchafire.org\/profiles\/3412170\/about\">https:\/\/catchafire.org\/profiles\/3412170\/about<\/a><\/p>\n\n\n\n<p><a href=\"https:\/\/mathoverflow.net\/users\/579220\/inbangron?tab=profile\">https:\/\/mathoverflow.net\/users\/579220\/inbangron?tab=profile<\/a><\/p>\n\n\n\n<p><a href=\"https:\/\/inbangron.mssg.me\">https:\/\/inbangron.mssg.me<\/a><\/p>\n\n\n\n<p><a href=\"https:\/\/www.fitday.com\/fitness\/forums\/members\/inbangron.html\">https:\/\/www.fitday.com\/fitness\/forums\/members\/inbangron.html<\/a><\/p>\n\n\n\n<p><a href=\"https:\/\/bikeindex.org\/users\/inbangron\">https:\/\/bikeindex.org\/users\/inbangron<\/a><\/p>\n\n\n\n<p><a href=\"https:\/\/form.jotform.com\/ngoquocthao510\/inbangron\">https:\/\/form.jotform.com\/ngoquocthao510\/inbangron<\/a><\/p>\n\n\n\n<p><a href=\"https:\/\/www.techrum.vn\/members\/inbangron.262365\/#about\">https:\/\/www.techrum.vn\/members\/inbangron.262365\/#about<\/a><\/p>\n\n\n\n<p><a href=\"https:\/\/blog.ulifestyle.com.hk\/inbangron\">https:\/\/blog.ulifestyle.com.hk\/inbangron<\/a><\/p>\n\n\n\n<p><a href=\"https:\/\/us.enrollbusiness.com\/BusinessProfile\/7647160\/In%20B%C4%83ng%20R%C3%B4n%20C%E1%BA%A5p%20T%E1%BB%91c%2024H\">https:\/\/us.enrollbusiness.com\/BusinessProfile\/7647160\/In%20B%C4%83ng%20R%C3%B4n%20C%E1%BA%A5p%20T%E1%BB%91c%2024H<\/a><\/p>\n\n\n\n<p><a href=\"https:\/\/market360.vn\/page\/60539\">https:\/\/market360.vn\/page\/60539<\/a><\/p>\n\n\n\n<p><a href=\"https:\/\/vnbit.org\/members\/inbangron.71908\/#about\">https:\/\/vnbit.org\/members\/inbangron.71908\/#about<\/a><\/p>\n\n\n\n<p><a href=\"https:\/\/askubuntu.com\/users\/2386362\/inbangron?tab=profile\">https:\/\/askubuntu.com\/users\/2386362\/inbangron?tab=profile<\/a><\/p>\n\n\n\n<p><a href=\"https:\/\/signup.com\/go\/mzhbvnY\">https:\/\/signup.com\/go\/mzhbvnY<\/a><\/p>\n","protected":false},"excerpt":{"rendered":"<p>In b\u0103ng r\u00f4n chuy\u00ean nghi\u1ec7p v\u00e0 gi\u00e1 h\u1ee3p l\u00fd t\u1ea1i In \u0110\u1ea1i Nam l\u00e0 l\u1ef1a ch\u1ecdn l\u00fd t\u01b0\u1edfng cho doanh nghi\u1ec7p, c\u1eeda h\u00e0ng v\u00e0 t\u1ed5 ch\u1ee9c khi mu\u1ed1n qu\u1ea3ng b\u00e1 th\u01b0\u01a1ng hi\u1ec7u, s\u1ef1 ki\u1ec7n ho\u1eb7c ch\u01b0\u01a1ng tr\u00ecnh khuy\u1ebfn m\u00e3i m\u1ed9t c\u00e1ch tr\u1ef1c quan \u2013 \u1ea5n t\u01b0\u1ee3ng \u2013 ti\u1ebft ki\u1ec7m chi ph\u00ed. V\u1edbi \u01b0u \u0111i\u1ec3m d\u1ec5 [&hellip;]<\/p>\n","protected":false},"author":1,"featured_media":58,"parent":0,"menu_order":0,"comment_status":"closed","ping_status":"closed","template":"page-templates\/homepage.php","meta":{"footnotes":""},"class_list":["post-5","page","type-page","status-publish","has-post-thumbnail","hentry"],"_links":{"self":[{"href":"https:\/\/ngoquocthao510-work.colibriwp.com\/inbangron-2\/wp-json\/wp\/v2\/pages\/5","targetHints":{"allow":["GET"]}}],"collection":[{"href":"https:\/\/ngoquocthao510-work.colibriwp.com\/inbangron-2\/wp-json\/wp\/v2\/pages"}],"about":[{"href":"https:\/\/ngoquocthao510-work.colibriwp.com\/inbangron-2\/wp-json\/wp\/v2\/types\/page"}],"author":[{"embeddable":true,"href":"https:\/\/ngoquocthao510-work.colibriwp.com\/inbangron-2\/wp-json\/wp\/v2\/users\/1"}],"replies":[{"embeddable":true,"href":"https:\/\/ngoquocthao510-work.colibriwp.com\/inbangron-2\/wp-json\/wp\/v2\/comments?post=5"}],"version-history":[{"count":1,"href":"https:\/\/ngoquocthao510-work.colibriwp.com\/inbangron-2\/wp-json\/wp\/v2\/pages\/5\/revisions"}],"predecessor-version":[{"id":51,"href":"https:\/\/ngoquocthao510-work.colibriwp.com\/inbangron-2\/wp-json\/wp\/v2\/pages\/5\/revisions\/51"}],"wp:featuredmedia":[{"embeddable":true,"href":"https:\/\/ngoquocthao510-work.colibriwp.com\/inbangron-2\/wp-json\/wp\/v2\/media\/58"}],"wp:attachment":[{"href":"https:\/\/ngoquocthao510-work.colibriwp.com\/inbangron-2\/wp-json\/wp\/v2\/media?parent=5"}],"curies":[{"name":"wp","href":"https:\/\/api.w.org\/{rel}","templated":true}]}}